{"id":516,"date":"2017-06-14T15:16:46","date_gmt":"2017-06-14T13:16:46","guid":{"rendered":"http:\/\/www.utopiatoolbox.org\/was-ist-es\/"},"modified":"2023-11-20T18:14:59","modified_gmt":"2023-11-20T17:14:59","slug":"was-ist-es","status":"publish","type":"page","link":"https:\/\/www.utopiatoolbox.org\/en\/was-ist-es\/","title":{"rendered":"what is it en"},"content":{"rendered":"<p class=\"p1\">ist eine Werkzeugkiste f\u00fcr die bewusste Gestaltung unserer Zukunft, die wohl besonders herausfordernd werden wird, und uns kreative Prozesse jenseits vertrauter Dimensionen abverlangen d\u00fcrfte. Wie wollen wir eigentlich leben? <span class=\"s1\">Was willst du wirklich?<\/span><\/p>\n<p class=\"p1\">UTOPIA TOOLBOX ist ein internationales Kunstprojekt von Menschen verschiedenster Berufsfelder, die interdiszi-plin\u00e4r zusammenarbeiten m\u00f6chten. Ihre gemeinsame Basis ist ein sehr weiter Begriff von Kreativit\u00e4t, der keinen Bereich menschlicher Arbeit ausschlie\u00dft. Kreati-vit\u00e4t wird als die wertvollste Ressource des Menschen betrachtet \u2013 neben der Liebe, und als die Einzige, die unsere globalen Krisen der Gegenwart \u00fcberhaupt zu l\u00f6sen vermag. Sie als eine der zentralen menschlichen F\u00e4higkeiten in uns und anderen wiederzubeleben und zu entwickeln liegt im Interesse des Projektes.<\/p>\n<p class=\"p1\">Wir \u00fcben die bewusste Orientierung jenseits mechanistischer Denkweisen.<\/p>\n<p class=\"p1\">UTOPIA TOOLBOX nutzt ungew\u00f6hnliche Lern- Kommunikations- und Arbeitsformate. Wir agieren und reagieren mit den Kunstformen Intervention, Aktion, Installation und praktischer Tat direkt im Alltag, in vielen Lebensbere-ichen: Gesellschaft, Politik, Kunst, Wissenschaft, \u00d6konomie, Medizin, Philosophie, Spiritualit\u00e4t, Praxis aller Art. Das Projekt sucht seine Arbeitsfelder selbst oder arbeitet im Auftrag. UTOPIA TOOLBOX ber\u00e4t auch. Notfalls sogar Waffenh\u00e4ndler. UTOPIA TOOLBOX ist auch Poesie.<\/p>\n<p class=\"p1\">Das Projekt wurde 2010 von Juliane Stiegele [Augsburg\/M\u00fcnchen] initiiert. Sein Zentrum ist eine ehemalige Generatorenhalle in Augsburg, D. <span class=\"s1\">Gegenw\u00e4rtig beteiligt sind: Juliane Stiegele, D\/\/ Stefanie Kraut, D\/\/Erwin Heller, D\/\/ Nick Tobier, USA\/\/ Doris Cordes-Vollert, D\/\/ Tom Hecht, D\/\/ Marcel Rother, D\/\/ Jia-Ming Dai, TW\/\/ Martina Vodermayer, D\/\/, <\/span><\/p>\n","protected":false},"excerpt":{"rendered":"<p>ist eine Werkzeugkiste f\u00fcr die bewusste Gestaltung unserer Zukunft, die wohl besonders herausfordernd werden wird, und uns kreative Prozesse jenseits vertrauter Dimensionen abverlangen d\u00fcrfte. Wie wollen wir eigentlich leben? Was willst du wirklich? UTOPIA TOOLBOX ist ein internationales Kunstprojekt von Menschen verschiedenster Berufsfelder, die interdiszi-plin\u00e4r zusammenarbeiten m\u00f6chten. Ihre gemeinsame Basis ist ein sehr weiter Begriff [&hellip;]<\/p>\n","protected":false},"author":1,"featured_media":0,"parent":0,"menu_order":0,"comment_status":"closed","ping_status":"closed","template":"","meta":{"_acf_changed":false,"footnotes":""},"class_list":["post-516","page","type-page","status-publish","hentry"],"acf":[],"_links":{"self":[{"href":"https:\/\/www.utopiatoolbox.org\/en\/wp-json\/wp\/v2\/pages\/516","targetHints":{"allow":["GET"]}}],"collection":[{"href":"https:\/\/www.utopiatoolbox.org\/en\/wp-json\/wp\/v2\/pages"}],"about":[{"href":"https:\/\/www.utopiatoolbox.org\/en\/wp-json\/wp\/v2\/types\/page"}],"author":[{"embeddable":true,"href":"https:\/\/www.utopiatoolbox.org\/en\/wp-json\/wp\/v2\/users\/1"}],"replies":[{"embeddable":true,"href":"https:\/\/www.utopiatoolbox.org\/en\/wp-json\/wp\/v2\/comments?post=516"}],"version-history":[{"count":5,"href":"https:\/\/www.utopiatoolbox.org\/en\/wp-json\/wp\/v2\/pages\/516\/revisions"}],"predecessor-version":[{"id":1964,"href":"https:\/\/www.utopiatoolbox.org\/en\/wp-json\/wp\/v2\/pages\/516\/revisions\/1964"}],"wp:attachment":[{"href":"https:\/\/www.utopiatoolbox.org\/en\/wp-json\/wp\/v2\/media?parent=516"}],"curies":[{"name":"wp","href":"https:\/\/api.w.org\/{rel}","templated":true}]}}